{"id":58,"date":"2023-07-19T14:24:39","date_gmt":"2023-07-19T14:24:39","guid":{"rendered":"https:\/\/haargenau-seefeld.ch\/?page_id=58"},"modified":"2024-12-04T11:00:16","modified_gmt":"2024-12-04T11:00:16","slug":"ueber-uns","status":"publish","type":"page","link":"https:\/\/haargenau-seefeld.ch\/en\/ueber-uns\/","title":{"rendered":"About us"},"content":{"rendered":"<div data-elementor-type=\"wp-page\" data-elementor-id=\"58\" class=\"elementor elementor-58\" data-elementor-post-type=\"page\">\n\t\t\t\t\t\t<section class=\"elementor-section elementor-top-section elementor-element elementor-element-e46988e elementor-section-boxed elementor-section-height-default elementor-section-height-default\" data-id=\"e46988e\" data-element_type=\"section\" data-e-type=\"section\">\n\t\t\t\t\t\t<div class=\"elementor-container elementor-column-gap-default\">\n\t\t\t\t\t<div class=\"elementor-column elementor-col-100 elementor-top-column elementor-element elementor-element-2437b82\" data-id=\"2437b82\" data-element_type=\"column\" data-e-type=\"column\">\n\t\t\t<div class=\"elementor-widget-wrap elementor-element-populated\">\n\t\t\t\t\t\t<div class=\"elementor-element elementor-element-bb5e1cf elementor-widget elementor-widget-html\" data-id=\"bb5e1cf\" data-element_type=\"widget\" data-e-type=\"widget\" data-widget_type=\"html.default\">\n\t\t\t\t<div class=\"elementor-widget-container\">\n\t\t\t\t\t<div class=\"container\">\n<h1>About us<\/h1>\n<p>At Haargenau, we combine our passion for beautiful hair, creativity, and the extraordinary. Denise Schlatter and Markus Vetter love working as a team, getting to know people, and putting a smile on their faces. <br><br>We are experts in modern hairstyling, keeping up with the latest trends, and offering you a unique experience.\n\n<\/p>\n<\/div>\n\t\t\t\t<\/div>\n\t\t\t\t<\/div>\n\t\t\t\t\t<\/div>\n\t\t<\/div>\n\t\t\t\t\t<\/div>\n\t\t<\/section>\n\t\t\t\t<section class=\"elementor-section elementor-top-section elementor-element elementor-element-3bf0712 elementor-section-boxed elementor-section-height-default elementor-section-height-default\" data-id=\"3bf0712\" data-element_type=\"section\" data-e-type=\"section\">\n\t\t\t\t\t\t<div class=\"elementor-container elementor-column-gap-extended\">\n\t\t\t\t\t<div class=\"elementor-column elementor-col-33 elementor-top-column elementor-element elementor-element-c899238\" data-id=\"c899238\" data-element_type=\"column\" data-e-type=\"column\">\n\t\t\t<div class=\"elementor-widget-wrap elementor-element-populated\">\n\t\t\t\t\t\t<div class=\"elementor-element elementor-element-d3c7d24 elementor-widget elementor-widget-image\" data-id=\"d3c7d24\" data-element_type=\"widget\" data-e-type=\"widget\" data-widget_type=\"image.default\">\n\t\t\t\t<div class=\"elementor-widget-container\">\n\t\t\t\t\t\t\t\t\t\t\t\t\t\t\t\t<a href=\"https:\/\/haargenau-seefeld.ch\/en\/ueber-uns\/denise-schlatter\/\">\n\t\t\t\t\t\t\t<img fetchpriority=\"high\" decoding=\"async\" width=\"800\" height=\"1000\" src=\"https:\/\/haargenau-seefeld.ch\/wp-content\/uploads\/2024\/11\/HABCEA1-819x1024.jpg\" class=\"attachment-large size-large wp-image-2766\" alt=\"\" srcset=\"https:\/\/haargenau-seefeld.ch\/wp-content\/uploads\/2024\/11\/HABCEA1-819x1024.jpg 819w, https:\/\/haargenau-seefeld.ch\/wp-content\/uploads\/2024\/11\/HABCEA1-240x300.jpg 240w, https:\/\/haargenau-seefeld.ch\/wp-content\/uploads\/2024\/11\/HABCEA1-768x960.jpg 768w, https:\/\/haargenau-seefeld.ch\/wp-content\/uploads\/2024\/11\/HABCEA1-10x12.jpg 10w, https:\/\/haargenau-seefeld.ch\/wp-content\/uploads\/2024\/11\/HABCEA1.jpg 1200w\" sizes=\"(max-width: 800px) 100vw, 800px\" \/>\t\t\t\t\t\t\t\t<\/a>\n\t\t\t\t\t\t\t\t\t\t\t\t\t\t\t<\/div>\n\t\t\t\t<\/div>\n\t\t\t\t\t<\/div>\n\t\t<\/div>\n\t\t\t\t<div class=\"elementor-column elementor-col-66 elementor-top-column elementor-element elementor-element-2344761\" data-id=\"2344761\" data-element_type=\"column\" data-e-type=\"column\">\n\t\t\t<div class=\"elementor-widget-wrap elementor-element-populated\">\n\t\t\t\t\t\t<div class=\"elementor-element elementor-element-698cf9e elementor-widget elementor-widget-html\" data-id=\"698cf9e\" data-element_type=\"widget\" data-e-type=\"widget\" data-widget_type=\"html.default\">\n\t\t\t\t<div class=\"elementor-widget-container\">\n\t\t\t\t\t<h3 style=\"font-size: 20px; color: #99AE96\">Denise Schlatter<\/h3>\n\n<h2 style=\"font-size: 28px\">Passionate hair stylist with a focus on customer satisfaction<\/h2>\n<p>Over 30 years ago, I took the leap into entrepreneurship and have been living my passion at Haargenau ever since. Building relationships with clients is of utmost importance to me \u2013 personalized consultation and transformation are my strengths. Customer satisfaction and natural beauty take precedence for me, with ongoing education and trend awareness ensuring optimal hair care and styling.<\/p>\n\n<a href=\"https:\/\/haargenau-seefeld.ch\/en\/ueber-uns\/denise-schlatter\/\" style=\"display: block; margin-top: 40px;\">\n  <img decoding=\"async\" src=\"https:\/\/haargenau-seefeld.ch\/wp-content\/uploads\/2023\/08\/Haargenau_Pfeil-1.png\" alt=\"Icon\" style=\"vertical-align: middle; width: 40px; margin-right: 15px;\">Learn More\n<\/a>\n\t\t\t\t<\/div>\n\t\t\t\t<\/div>\n\t\t\t\t\t<\/div>\n\t\t<\/div>\n\t\t\t\t\t<\/div>\n\t\t<\/section>\n\t\t\t\t<section class=\"elementor-section elementor-top-section elementor-element elementor-element-e0c3653 elementor-reverse-mobile elementor-section-boxed elementor-section-height-default elementor-section-height-default\" data-id=\"e0c3653\" data-element_type=\"section\" data-e-type=\"section\">\n\t\t\t\t\t\t<div class=\"elementor-container elementor-column-gap-extended\">\n\t\t\t\t\t<div class=\"elementor-column elementor-col-66 elementor-top-column elementor-element elementor-element-e77506a\" data-id=\"e77506a\" data-element_type=\"column\" data-e-type=\"column\">\n\t\t\t<div class=\"elementor-widget-wrap elementor-element-populated\">\n\t\t\t\t\t\t<div class=\"elementor-element elementor-element-6c1cb9e elementor-widget elementor-widget-html\" data-id=\"6c1cb9e\" data-element_type=\"widget\" data-e-type=\"widget\" data-widget_type=\"html.default\">\n\t\t\t\t<div class=\"elementor-widget-container\">\n\t\t\t\t\t<h3 style=\"font-size: 20px; color: #99AE96\">Markus Vetter<\/h3>\n\n<h2 style=\"font-size: 28px\">Individual hair artistry for satisfied clients<\/h2>\n<p>When I began my professional journey at Coiffeur Reolon in Zurich, I couldn't have imagined how much I would thrive in this profession. After 10 years at Reolon, during which I successfully completed my master's exam, various opportunities arose to gain valuable experience at renowned hairdressers in Zurich. However, my path eventually led me to Denise Schlatter-Welti and her salon Haargenau in 2011.<\/p>\n\n<a href=\"https:\/\/haargenau-seefeld.ch\/en\/ueber-uns\/markus-vetter\/\" style=\"display: block; margin-top: 40px;\">\n  <img decoding=\"async\" src=\"https:\/\/haargenau-seefeld.ch\/wp-content\/uploads\/2023\/08\/Haargenau_Pfeil-1.png\" alt=\"Icon\" style=\"vertical-align: middle; width: 40px; margin-right: 15px;\">Learn More\n<\/a>\n\t\t\t\t<\/div>\n\t\t\t\t<\/div>\n\t\t\t\t\t<\/div>\n\t\t<\/div>\n\t\t\t\t<div class=\"elementor-column elementor-col-33 elementor-top-column elementor-element elementor-element-7f3994f\" data-id=\"7f3994f\" data-element_type=\"column\" data-e-type=\"column\">\n\t\t\t<div class=\"elementor-widget-wrap elementor-element-populated\">\n\t\t\t\t\t\t<div class=\"elementor-element elementor-element-d14439a elementor-widget elementor-widget-image\" data-id=\"d14439a\" data-element_type=\"widget\" data-e-type=\"widget\" data-widget_type=\"image.default\">\n\t\t\t\t<div class=\"elementor-widget-container\">\n\t\t\t\t\t\t\t\t\t\t\t\t\t\t\t\t<a href=\"https:\/\/haargenau-seefeld.ch\/en\/ueber-uns\/markus-vetter\/\">\n\t\t\t\t\t\t\t<img decoding=\"async\" width=\"800\" height=\"1000\" src=\"https:\/\/haargenau-seefeld.ch\/wp-content\/uploads\/2024\/11\/Haargenau_Markus-Vetter_sw-819x1024.jpg\" class=\"attachment-large size-large wp-image-2768\" alt=\"\" srcset=\"https:\/\/haargenau-seefeld.ch\/wp-content\/uploads\/2024\/11\/Haargenau_Markus-Vetter_sw-819x1024.jpg 819w, https:\/\/haargenau-seefeld.ch\/wp-content\/uploads\/2024\/11\/Haargenau_Markus-Vetter_sw-240x300.jpg 240w, https:\/\/haargenau-seefeld.ch\/wp-content\/uploads\/2024\/11\/Haargenau_Markus-Vetter_sw-768x960.jpg 768w, https:\/\/haargenau-seefeld.ch\/wp-content\/uploads\/2024\/11\/Haargenau_Markus-Vetter_sw-10x12.jpg 10w, https:\/\/haargenau-seefeld.ch\/wp-content\/uploads\/2024\/11\/Haargenau_Markus-Vetter_sw.jpg 1200w\" sizes=\"(max-width: 800px) 100vw, 800px\" \/>\t\t\t\t\t\t\t\t<\/a>\n\t\t\t\t\t\t\t\t\t\t\t\t\t\t\t<\/div>\n\t\t\t\t<\/div>\n\t\t\t\t\t<\/div>\n\t\t<\/div>\n\t\t\t\t\t<\/div>\n\t\t<\/section>\n\t\t\t\t<section class=\"elementor-section elementor-top-section elementor-element elementor-element-e1007a8 elementor-section-full_width elementor-section-height-default elementor-section-height-default\" data-id=\"e1007a8\" data-element_type=\"section\" data-e-type=\"section\" id=\"produkte\" data-settings=\"{&quot;background_background&quot;:&quot;classic&quot;}\">\n\t\t\t\t\t\t<div class=\"elementor-container elementor-column-gap-default\">\n\t\t\t\t\t<div class=\"elementor-column elementor-col-100 elementor-top-column elementor-element elementor-element-e43c284\" data-id=\"e43c284\" data-element_type=\"column\" data-e-type=\"column\">\n\t\t\t<div class=\"elementor-widget-wrap elementor-element-populated\">\n\t\t\t\t\t\t<section class=\"elementor-section elementor-inner-section elementor-element elementor-element-4d63aa3 elementor-section-boxed elementor-section-height-default elementor-section-height-default\" data-id=\"4d63aa3\" data-element_type=\"section\" data-e-type=\"section\">\n\t\t\t\t\t\t<div class=\"elementor-container elementor-column-gap-default\">\n\t\t\t\t\t<div class=\"elementor-column elementor-col-100 elementor-inner-column elementor-element elementor-element-b7f45e8\" data-id=\"b7f45e8\" data-element_type=\"column\" data-e-type=\"column\">\n\t\t\t<div class=\"elementor-widget-wrap elementor-element-populated\">\n\t\t\t\t\t\t<div class=\"elementor-element elementor-element-fd66e6c elementor-widget elementor-widget-heading\" data-id=\"fd66e6c\" data-element_type=\"widget\" data-e-type=\"widget\" data-widget_type=\"heading.default\">\n\t\t\t\t<div class=\"elementor-widget-container\">\n\t\t\t\t\t<h3 class=\"elementor-heading-title elementor-size-default\">For you, only the best products<\/h3>\t\t\t\t<\/div>\n\t\t\t\t<\/div>\n\t\t\t\t<div class=\"elementor-element elementor-element-27e6202 elementor-widget elementor-widget-text-editor\" data-id=\"27e6202\" data-element_type=\"widget\" data-e-type=\"widget\" data-widget_type=\"text-editor.default\">\n\t\t\t\t<div class=\"elementor-widget-container\">\n\t\t\t\t\t\t\t\t\t<p>Denise Schlatter and Markus Vetter, the hair experts at Coiffeur Haargenau in Zurich's Seefeld In-Quartier, rely on the exceptional quality of products from Paul Mitchell Haircare, George Michael Haircare, and tools from JGH Professional Artisan Tools.<\/p>\t\t\t\t\t\t\t\t<\/div>\n\t\t\t\t<\/div>\n\t\t\t\t\t<\/div>\n\t\t<\/div>\n\t\t\t\t\t<\/div>\n\t\t<\/section>\n\t\t\t\t<section class=\"elementor-section elementor-inner-section elementor-element elementor-element-45c2c95 elementor-section-boxed elementor-section-height-default elementor-section-height-default\" data-id=\"45c2c95\" data-element_type=\"section\" data-e-type=\"section\">\n\t\t\t\t\t\t<div class=\"elementor-container elementor-column-gap-default\">\n\t\t\t\t\t<div class=\"elementor-column elementor-col-33 elementor-inner-column elementor-element elementor-element-2297c57\" data-id=\"2297c57\" data-element_type=\"column\" data-e-type=\"column\">\n\t\t\t<div class=\"elementor-widget-wrap elementor-element-populated\">\n\t\t\t\t\t\t<div class=\"elementor-element elementor-element-3e1364b elementor-widget elementor-widget-image\" data-id=\"3e1364b\" data-element_type=\"widget\" data-e-type=\"widget\" data-widget_type=\"image.default\">\n\t\t\t\t<div class=\"elementor-widget-container\">\n\t\t\t\t\t\t\t\t\t\t\t\t\t\t\t\t<a href=\"https:\/\/pmcare.ch\/\">\n\t\t\t\t\t\t\t<img decoding=\"async\" width=\"800\" height=\"800\" src=\"https:\/\/haargenau-seefeld.ch\/wp-content\/uploads\/2024\/12\/Haargenau-Produkte_Paul-Mitchell.jpg\" class=\"attachment-large size-large wp-image-2936\" alt=\"\" srcset=\"https:\/\/haargenau-seefeld.ch\/wp-content\/uploads\/2024\/12\/Haargenau-Produkte_Paul-Mitchell.jpg 800w, https:\/\/haargenau-seefeld.ch\/wp-content\/uploads\/2024\/12\/Haargenau-Produkte_Paul-Mitchell-300x300.jpg 300w, https:\/\/haargenau-seefeld.ch\/wp-content\/uploads\/2024\/12\/Haargenau-Produkte_Paul-Mitchell-150x150.jpg 150w, https:\/\/haargenau-seefeld.ch\/wp-content\/uploads\/2024\/12\/Haargenau-Produkte_Paul-Mitchell-768x768.jpg 768w, https:\/\/haargenau-seefeld.ch\/wp-content\/uploads\/2024\/12\/Haargenau-Produkte_Paul-Mitchell-12x12.jpg 12w\" sizes=\"(max-width: 800px) 100vw, 800px\" \/>\t\t\t\t\t\t\t\t<\/a>\n\t\t\t\t\t\t\t\t\t\t\t\t\t\t\t<\/div>\n\t\t\t\t<\/div>\n\t\t\t\t\t<\/div>\n\t\t<\/div>\n\t\t\t\t<div class=\"elementor-column elementor-col-66 elementor-inner-column elementor-element elementor-element-7b737ac\" data-id=\"7b737ac\" data-element_type=\"column\" data-e-type=\"column\">\n\t\t\t<div class=\"elementor-widget-wrap elementor-element-populated\">\n\t\t\t\t\t\t<div class=\"elementor-element elementor-element-cdb2691 elementor-widget-mobile__width-initial elementor-widget elementor-widget-html\" data-id=\"cdb2691\" data-element_type=\"widget\" data-e-type=\"widget\" data-widget_type=\"html.default\">\n\t\t\t\t<div class=\"elementor-widget-container\">\n\t\t\t\t\t<h2 style=\"color: #BAD4B6; margin-bottom: 3px\">Paul Mitchell Haircare<\/h2>\n\n<h3 style=\"font-size: 18px;font-weight:bold; color: #BAD4B6\">Quality for radiant hair<\/h3>\n\n<p style=\"font-size: 16px; color: white\">For decades, Paul Mitchell hair care products have been renowned for their high-quality ingredients and effectiveness. With a wide range of shampoos, conditioners, styling products, and treatments, Paul Mitchell offers the perfect solution for every hair type and need.<\/p>\n\n<a href=\"https:\/\/pmcare.ch\/\" style=\"display: block; margin-top: 20px\">\n  <img decoding=\"async\" src=\"https:\/\/haargenau-seefeld.ch\/wp-content\/uploads\/2023\/08\/Haargenau_Pfeil-1.png\" alt=\"Icon\" style=\"vertical-align: middle; width: 40px; margin-right: 15px;\">Learn More\n<\/a>\t\t\t\t<\/div>\n\t\t\t\t<\/div>\n\t\t\t\t\t<\/div>\n\t\t<\/div>\n\t\t\t\t\t<\/div>\n\t\t<\/section>\n\t\t\t\t<section class=\"elementor-section elementor-inner-section elementor-element elementor-element-f3f1fe0 elementor-section-boxed elementor-section-height-default elementor-section-height-default\" data-id=\"f3f1fe0\" data-element_type=\"section\" data-e-type=\"section\">\n\t\t\t\t\t\t<div class=\"elementor-container elementor-column-gap-default\">\n\t\t\t\t\t<div class=\"elementor-column elementor-col-33 elementor-inner-column elementor-element elementor-element-a2e3a39\" data-id=\"a2e3a39\" data-element_type=\"column\" data-e-type=\"column\">\n\t\t\t<div class=\"elementor-widget-wrap elementor-element-populated\">\n\t\t\t\t\t\t<div class=\"elementor-element elementor-element-f28c314 elementor-widget elementor-widget-image\" data-id=\"f28c314\" data-element_type=\"widget\" data-e-type=\"widget\" data-widget_type=\"image.default\">\n\t\t\t\t<div class=\"elementor-widget-container\">\n\t\t\t\t\t\t\t\t\t\t\t\t\t\t\t\t<a href=\"https:\/\/www.george-michael.de\/\">\n\t\t\t\t\t\t\t<img loading=\"lazy\" decoding=\"async\" width=\"800\" height=\"800\" src=\"https:\/\/haargenau-seefeld.ch\/wp-content\/uploads\/2024\/12\/Haargenau-Produkte_George-Michael.jpg\" class=\"attachment-large size-large wp-image-2934\" alt=\"\" srcset=\"https:\/\/haargenau-seefeld.ch\/wp-content\/uploads\/2024\/12\/Haargenau-Produkte_George-Michael.jpg 800w, https:\/\/haargenau-seefeld.ch\/wp-content\/uploads\/2024\/12\/Haargenau-Produkte_George-Michael-300x300.jpg 300w, https:\/\/haargenau-seefeld.ch\/wp-content\/uploads\/2024\/12\/Haargenau-Produkte_George-Michael-150x150.jpg 150w, https:\/\/haargenau-seefeld.ch\/wp-content\/uploads\/2024\/12\/Haargenau-Produkte_George-Michael-768x768.jpg 768w, https:\/\/haargenau-seefeld.ch\/wp-content\/uploads\/2024\/12\/Haargenau-Produkte_George-Michael-12x12.jpg 12w\" sizes=\"(max-width: 800px) 100vw, 800px\" \/>\t\t\t\t\t\t\t\t<\/a>\n\t\t\t\t\t\t\t\t\t\t\t\t\t\t\t<\/div>\n\t\t\t\t<\/div>\n\t\t\t\t\t<\/div>\n\t\t<\/div>\n\t\t\t\t<div class=\"elementor-column elementor-col-66 elementor-inner-column elementor-element elementor-element-96e52d8\" data-id=\"96e52d8\" data-element_type=\"column\" data-e-type=\"column\">\n\t\t\t<div class=\"elementor-widget-wrap elementor-element-populated\">\n\t\t\t\t\t\t<div class=\"elementor-element elementor-element-2243ee8 elementor-widget elementor-widget-html\" data-id=\"2243ee8\" data-element_type=\"widget\" data-e-type=\"widget\" data-widget_type=\"html.default\">\n\t\t\t\t<div class=\"elementor-widget-container\">\n\t\t\t\t\t<h2 style=\"color: #BAD4B6; margin-bottom: 3px\">George Michael Haircare<\/h2>\n\n<h3 style=\"font-size: 18px;font-weight:bold; color: #BAD4B6\"> Luxurious care for demanding hair<\/h3>\n\n<p style=\"font-size: 16px; color: white\">George Michael hair care products are the perfect choice for those who want to indulge their hair with luxurious and pampering care. The brand represents quality, innovation, and exclusivity, offering a variety of products.<\/p>\n\n<a href=\"https:\/\/www.george-michael.de\/\" style=\"display: block; margin-top: 20px\">\n  <img decoding=\"async\" src=\"https:\/\/haargenau-seefeld.ch\/wp-content\/uploads\/2023\/08\/Haargenau_Pfeil-1.png\" alt=\"Icon\" style=\"vertical-align: middle; width: 40px; margin-right: 15px;\">Learn More\n<\/a>\t\t\t\t<\/div>\n\t\t\t\t<\/div>\n\t\t\t\t\t<\/div>\n\t\t<\/div>\n\t\t\t\t\t<\/div>\n\t\t<\/section>\n\t\t\t\t<section class=\"elementor-section elementor-inner-section elementor-element elementor-element-d02b1fc elementor-section-boxed elementor-section-height-default elementor-section-height-default\" data-id=\"d02b1fc\" data-element_type=\"section\" data-e-type=\"section\">\n\t\t\t\t\t\t<div class=\"elementor-container elementor-column-gap-default\">\n\t\t\t\t\t<div class=\"elementor-column elementor-col-33 elementor-inner-column elementor-element elementor-element-af7ecd6\" data-id=\"af7ecd6\" data-element_type=\"column\" data-e-type=\"column\">\n\t\t\t<div class=\"elementor-widget-wrap elementor-element-populated\">\n\t\t\t\t\t\t<div class=\"elementor-element elementor-element-2d39dea elementor-widget elementor-widget-image\" data-id=\"2d39dea\" data-element_type=\"widget\" data-e-type=\"widget\" data-widget_type=\"image.default\">\n\t\t\t\t<div class=\"elementor-widget-container\">\n\t\t\t\t\t\t\t\t\t\t\t\t\t\t\t\t<a href=\"https:\/\/jghprofessional.ch\/de\/\">\n\t\t\t\t\t\t\t<img loading=\"lazy\" decoding=\"async\" width=\"800\" height=\"800\" src=\"https:\/\/haargenau-seefeld.ch\/wp-content\/uploads\/2024\/12\/Haargenau-Produkte_J-H-G-Professional.jpg\" class=\"attachment-large size-large wp-image-2935\" alt=\"\" srcset=\"https:\/\/haargenau-seefeld.ch\/wp-content\/uploads\/2024\/12\/Haargenau-Produkte_J-H-G-Professional.jpg 800w, https:\/\/haargenau-seefeld.ch\/wp-content\/uploads\/2024\/12\/Haargenau-Produkte_J-H-G-Professional-300x300.jpg 300w, https:\/\/haargenau-seefeld.ch\/wp-content\/uploads\/2024\/12\/Haargenau-Produkte_J-H-G-Professional-150x150.jpg 150w, https:\/\/haargenau-seefeld.ch\/wp-content\/uploads\/2024\/12\/Haargenau-Produkte_J-H-G-Professional-768x768.jpg 768w, https:\/\/haargenau-seefeld.ch\/wp-content\/uploads\/2024\/12\/Haargenau-Produkte_J-H-G-Professional-12x12.jpg 12w\" sizes=\"(max-width: 800px) 100vw, 800px\" \/>\t\t\t\t\t\t\t\t<\/a>\n\t\t\t\t\t\t\t\t\t\t\t\t\t\t\t<\/div>\n\t\t\t\t<\/div>\n\t\t\t\t\t<\/div>\n\t\t<\/div>\n\t\t\t\t<div class=\"elementor-column elementor-col-66 elementor-inner-column elementor-element elementor-element-1d758b3\" data-id=\"1d758b3\" data-element_type=\"column\" data-e-type=\"column\">\n\t\t\t<div class=\"elementor-widget-wrap elementor-element-populated\">\n\t\t\t\t\t\t<div class=\"elementor-element elementor-element-0d04387 elementor-widget elementor-widget-html\" data-id=\"0d04387\" data-element_type=\"widget\" data-e-type=\"widget\" data-widget_type=\"html.default\">\n\t\t\t\t<div class=\"elementor-widget-container\">\n\t\t\t\t\t<h2 style=\"color: #BAD4B6; margin-bottom: 3px\">JGH Professional Artisan Tools<\/h2>\n\n<h3 style=\"font-size: 18px;font-weight:bold; color: #BAD4B6\">Professional tools for perfect results<\/h3>\n\n<p style=\"font-size: 16px; color: white\">JGH Professional Artisan Tools offer a wide range of products from scissors and combs to brushes and hair styling tools. The products are ergonomically designed and fit well in hand, allowing for precise and comfortable work. <\/p>\n\n<a href=\"https:\/\/jghprofessional.ch\/de\/\" style=\"display: block; margin-top: 20px\">\n  <img decoding=\"async\" src=\"https:\/\/haargenau-seefeld.ch\/wp-content\/uploads\/2023\/08\/Haargenau_Pfeil-1.png\" alt=\"Icon\" style=\"vertical-align: middle; width: 40px; margin-right: 15px;\">Learn More\n<\/a>\t\t\t\t<\/div>\n\t\t\t\t<\/div>\n\t\t\t\t\t<\/div>\n\t\t<\/div>\n\t\t\t\t\t<\/div>\n\t\t<\/section>\n\t\t\t\t\t<\/div>\n\t\t<\/div>\n\t\t\t\t\t<\/div>\n\t\t<\/section>\n\t\t\t\t<\/div>","protected":false},"excerpt":{"rendered":"<p>\u00dcber uns Im Haargenau vereinen wir unsere Leidenschaft f\u00fcr sch\u00f6ne Haare, Kreativit\u00e4t und das Besondere. Denise Schlatter und Markus Vetter lieben es als Team zu wirken, Menschen kennenzulernen und ihnen ein L\u00e4cheln aufs Gesicht zu zaubern. Wir sind Experten im modernen Hairstyling, gehen mit den aktuellen Trends und bieten dir eine einzigartige Erfahrung. Denise Schlatter [&hellip;]<\/p>\n","protected":false},"author":1,"featured_media":0,"parent":0,"menu_order":0,"comment_status":"closed","ping_status":"closed","template":"","meta":{"footnotes":""},"class_list":["post-58","page","type-page","status-publish","hentry"],"_links":{"self":[{"href":"https:\/\/haargenau-seefeld.ch\/en\/wp-json\/wp\/v2\/pages\/58","targetHints":{"allow":["GET"]}}],"collection":[{"href":"https:\/\/haargenau-seefeld.ch\/en\/wp-json\/wp\/v2\/pages"}],"about":[{"href":"https:\/\/haargenau-seefeld.ch\/en\/wp-json\/wp\/v2\/types\/page"}],"author":[{"embeddable":true,"href":"https:\/\/haargenau-seefeld.ch\/en\/wp-json\/wp\/v2\/users\/1"}],"replies":[{"embeddable":true,"href":"https:\/\/haargenau-seefeld.ch\/en\/wp-json\/wp\/v2\/comments?post=58"}],"version-history":[{"count":271,"href":"https:\/\/haargenau-seefeld.ch\/en\/wp-json\/wp\/v2\/pages\/58\/revisions"}],"predecessor-version":[{"id":2957,"href":"https:\/\/haargenau-seefeld.ch\/en\/wp-json\/wp\/v2\/pages\/58\/revisions\/2957"}],"wp:attachment":[{"href":"https:\/\/haargenau-seefeld.ch\/en\/wp-json\/wp\/v2\/media?parent=58"}],"curies":[{"name":"wp","href":"https:\/\/api.w.org\/{rel}","templated":true}]}}