{"id":56,"date":"2023-07-19T14:24:18","date_gmt":"2023-07-19T14:24:18","guid":{"rendered":"https:\/\/haargenau-seefeld.ch\/?page_id=56"},"modified":"2024-12-02T12:36:19","modified_gmt":"2024-12-02T12:36:19","slug":"angebot","status":"publish","type":"page","link":"https:\/\/haargenau-seefeld.ch\/en\/angebot\/","title":{"rendered":"Service"},"content":{"rendered":"<div data-elementor-type=\"wp-page\" data-elementor-id=\"56\" class=\"elementor elementor-56\" data-elementor-post-type=\"page\">\n\t\t\t\t\t\t<section class=\"elementor-section elementor-top-section elementor-element elementor-element-934ee10 elementor-section-boxed elementor-section-height-default elementor-section-height-default\" data-id=\"934ee10\" data-element_type=\"section\" data-e-type=\"section\">\n\t\t\t\t\t\t<div class=\"elementor-container elementor-column-gap-default\">\n\t\t\t\t\t<div class=\"elementor-column elementor-col-100 elementor-top-column elementor-element elementor-element-a491f1d\" data-id=\"a491f1d\" data-element_type=\"column\" data-e-type=\"column\">\n\t\t\t<div class=\"elementor-widget-wrap elementor-element-populated\">\n\t\t\t\t\t\t<div class=\"elementor-element elementor-element-d844bca elementor-widget elementor-widget-html\" data-id=\"d844bca\" data-element_type=\"widget\" data-e-type=\"widget\" data-widget_type=\"html.default\">\n\t\t\t\t<div class=\"elementor-widget-container\">\n\t\t\t\t\t<div class=\"container\">\r\n  <h1>What we offer you<\/h1>\r\n  <p>Our diverse range of services leaves nothing to be desired and is individually tailored to your needs. Whether it's dreamy hairstyles, trendy cuts, or brilliant colors according to your wishes - we place great importance on making you feel comfortable with us and leaving our salon with a radiant smile on your face.<\/p>\r\n<\/div>\t\t\t\t<\/div>\n\t\t\t\t<\/div>\n\t\t\t\t<section class=\"elementor-section elementor-inner-section elementor-element elementor-element-ca6ea4c elementor-section-boxed elementor-section-height-default elementor-section-height-default\" data-id=\"ca6ea4c\" data-element_type=\"section\" data-e-type=\"section\">\n\t\t\t\t\t\t<div class=\"elementor-container elementor-column-gap-default\">\n\t\t\t\t\t<div class=\"elementor-column elementor-col-33 elementor-inner-column elementor-element elementor-element-0b528de\" data-id=\"0b528de\" data-element_type=\"column\" data-e-type=\"column\" data-settings=\"{&quot;background_background&quot;:&quot;classic&quot;}\">\n\t\t\t<div class=\"elementor-widget-wrap elementor-element-populated\">\n\t\t\t\t\t\t<div class=\"elementor-element elementor-element-84ad2dc elementor-widget elementor-widget-heading\" data-id=\"84ad2dc\" data-element_type=\"widget\" data-e-type=\"widget\" data-widget_type=\"heading.default\">\n\t\t\t\t<div class=\"elementor-widget-container\">\n\t\t\t\t\t<h3 class=\"elementor-heading-title elementor-size-large\">Wash\/Cut\/Blow-dry<\/h3>\t\t\t\t<\/div>\n\t\t\t\t<\/div>\n\t\t\t\t<div class=\"elementor-element elementor-element-81c9e89 elementor-widget elementor-widget-text-editor\" data-id=\"81c9e89\" data-element_type=\"widget\" data-e-type=\"widget\" data-widget_type=\"text-editor.default\">\n\t\t\t\t<div class=\"elementor-widget-container\">\n\t\t\t\t\t\t\t\t\t<p>You will receive a thorough hair wash, an individual haircut according to your wishes, and finally, your hair will be professionally blow-dried to achieve a perfect style.<\/p>\t\t\t\t\t\t\t\t<\/div>\n\t\t\t\t<\/div>\n\t\t\t\t\t<\/div>\n\t\t<\/div>\n\t\t\t\t<div class=\"elementor-column elementor-col-33 elementor-inner-column elementor-element elementor-element-74e2c90\" data-id=\"74e2c90\" data-element_type=\"column\" data-e-type=\"column\" data-settings=\"{&quot;background_background&quot;:&quot;classic&quot;}\">\n\t\t\t<div class=\"elementor-widget-wrap elementor-element-populated\">\n\t\t\t\t\t\t<div class=\"elementor-element elementor-element-97786b3 elementor-widget elementor-widget-heading\" data-id=\"97786b3\" data-element_type=\"widget\" data-e-type=\"widget\" data-widget_type=\"heading.default\">\n\t\t\t\t<div class=\"elementor-widget-container\">\n\t\t\t\t\t<h3 class=\"elementor-heading-title elementor-size-large\">Creation Cut <\/h3>\t\t\t\t<\/div>\n\t\t\t\t<\/div>\n\t\t\t\t<div class=\"elementor-element elementor-element-8f7642d elementor-widget elementor-widget-text-editor\" data-id=\"8f7642d\" data-element_type=\"widget\" data-e-type=\"widget\" data-widget_type=\"text-editor.default\">\n\t\t\t\t<div class=\"elementor-widget-container\">\n\t\t\t\t\t\t\t\t\t<p>You will receive a unique and personalized haircut that is specifically created for you. Let our professional team pamper you and look forward to a stunning transformation.<\/p>\t\t\t\t\t\t\t\t<\/div>\n\t\t\t\t<\/div>\n\t\t\t\t\t<\/div>\n\t\t<\/div>\n\t\t\t\t<div class=\"elementor-column elementor-col-33 elementor-inner-column elementor-element elementor-element-dde8f70\" data-id=\"dde8f70\" data-element_type=\"column\" data-e-type=\"column\" data-settings=\"{&quot;background_background&quot;:&quot;classic&quot;}\">\n\t\t\t<div class=\"elementor-widget-wrap elementor-element-populated\">\n\t\t\t\t\t\t<div class=\"elementor-element elementor-element-7650caf elementor-widget elementor-widget-heading\" data-id=\"7650caf\" data-element_type=\"widget\" data-e-type=\"widget\" data-widget_type=\"heading.default\">\n\t\t\t\t<div class=\"elementor-widget-container\">\n\t\t\t\t\t<h3 class=\"elementor-heading-title elementor-size-large\">Cut &amp; Go <\/h3>\t\t\t\t<\/div>\n\t\t\t\t<\/div>\n\t\t\t\t<div class=\"elementor-element elementor-element-d5e89cf elementor-widget elementor-widget-text-editor\" data-id=\"d5e89cf\" data-element_type=\"widget\" data-e-type=\"widget\" data-widget_type=\"text-editor.default\">\n\t\t\t\t<div class=\"elementor-widget-container\">\n\t\t\t\t\t\t\t\t\t<p>Offers you a quick and uncomplicated haircut. We shape your hair and make sure that your haircut fits perfectly into your everyday life without the need for time-consuming blow-drying.<\/p>\t\t\t\t\t\t\t\t<\/div>\n\t\t\t\t<\/div>\n\t\t\t\t\t<\/div>\n\t\t<\/div>\n\t\t\t\t\t<\/div>\n\t\t<\/section>\n\t\t\t\t<section class=\"elementor-section elementor-inner-section elementor-element elementor-element-23e761a elementor-section-boxed elementor-section-height-default elementor-section-height-default\" data-id=\"23e761a\" data-element_type=\"section\" data-e-type=\"section\">\n\t\t\t\t\t\t<div class=\"elementor-container elementor-column-gap-default\">\n\t\t\t\t\t<div class=\"elementor-column elementor-col-33 elementor-inner-column elementor-element elementor-element-4c662d9\" data-id=\"4c662d9\" data-element_type=\"column\" data-e-type=\"column\" data-settings=\"{&quot;background_background&quot;:&quot;classic&quot;}\">\n\t\t\t<div class=\"elementor-widget-wrap elementor-element-populated\">\n\t\t\t\t\t\t<div class=\"elementor-element elementor-element-d2102e3 elementor-widget elementor-widget-heading\" data-id=\"d2102e3\" data-element_type=\"widget\" data-e-type=\"widget\" data-widget_type=\"heading.default\">\n\t\t\t\t<div class=\"elementor-widget-container\">\n\t\t\t\t\t<h3 class=\"elementor-heading-title elementor-size-large\">Wash\/Blow-dry<\/h3>\t\t\t\t<\/div>\n\t\t\t\t<\/div>\n\t\t\t\t<div class=\"elementor-element elementor-element-4f83b20 elementor-widget elementor-widget-text-editor\" data-id=\"4f83b20\" data-element_type=\"widget\" data-e-type=\"widget\" data-widget_type=\"text-editor.default\">\n\t\t\t\t<div class=\"elementor-widget-container\">\n\t\t\t\t\t\t\t\t\t<p>We take care of thoroughly washing your hair and then professionally blow-drying it. You will receive a fresh look and can relax while we work our magic.<\/p>\t\t\t\t\t\t\t\t<\/div>\n\t\t\t\t<\/div>\n\t\t\t\t\t<\/div>\n\t\t<\/div>\n\t\t\t\t<div class=\"elementor-column elementor-col-33 elementor-inner-column elementor-element elementor-element-a4a791a\" data-id=\"a4a791a\" data-element_type=\"column\" data-e-type=\"column\" data-settings=\"{&quot;background_background&quot;:&quot;classic&quot;}\">\n\t\t\t<div class=\"elementor-widget-wrap elementor-element-populated\">\n\t\t\t\t\t\t<div class=\"elementor-element elementor-element-4983783 elementor-widget elementor-widget-heading\" data-id=\"4983783\" data-element_type=\"widget\" data-e-type=\"widget\" data-widget_type=\"heading.default\">\n\t\t\t\t<div class=\"elementor-widget-container\">\n\t\t\t\t\t<h3 class=\"elementor-heading-title elementor-size-large\">Root color<\/h3>\t\t\t\t<\/div>\n\t\t\t\t<\/div>\n\t\t\t\t<div class=\"elementor-element elementor-element-a11ba34 elementor-widget elementor-widget-text-editor\" data-id=\"a11ba34\" data-element_type=\"widget\" data-e-type=\"widget\" data-widget_type=\"text-editor.default\">\n\t\t\t\t<div class=\"elementor-widget-container\">\n\t\t\t\t\t\t\t\t\t<p>We ensure that your regrowth perfectly matches your current hair color. This way, you can feel comfortable and let your hair shine again.<\/p>\t\t\t\t\t\t\t\t<\/div>\n\t\t\t\t<\/div>\n\t\t\t\t\t<\/div>\n\t\t<\/div>\n\t\t\t\t<div class=\"elementor-column elementor-col-33 elementor-inner-column elementor-element elementor-element-2c57398\" data-id=\"2c57398\" data-element_type=\"column\" data-e-type=\"column\" data-settings=\"{&quot;background_background&quot;:&quot;classic&quot;}\">\n\t\t\t<div class=\"elementor-widget-wrap elementor-element-populated\">\n\t\t\t\t\t\t<div class=\"elementor-element elementor-element-5ef0bda elementor-widget elementor-widget-heading\" data-id=\"5ef0bda\" data-element_type=\"widget\" data-e-type=\"widget\" data-widget_type=\"heading.default\">\n\t\t\t\t<div class=\"elementor-widget-container\">\n\t\t\t\t\t<h3 class=\"elementor-heading-title elementor-size-large\">Bleaching<\/h3>\t\t\t\t<\/div>\n\t\t\t\t<\/div>\n\t\t\t\t<div class=\"elementor-element elementor-element-e1bd472 elementor-widget elementor-widget-text-editor\" data-id=\"e1bd472\" data-element_type=\"widget\" data-e-type=\"widget\" data-widget_type=\"text-editor.default\">\n\t\t\t\t<div class=\"elementor-widget-container\">\n\t\t\t\t\t\t\t\t\t<p>You will get beautifully blonde hair that takes your look to a new level. We use gentle products for an even and protective result.<\/p>\t\t\t\t\t\t\t\t<\/div>\n\t\t\t\t<\/div>\n\t\t\t\t\t<\/div>\n\t\t<\/div>\n\t\t\t\t\t<\/div>\n\t\t<\/section>\n\t\t\t\t<section class=\"elementor-section elementor-inner-section elementor-element elementor-element-bcf5fa4 elementor-section-boxed elementor-section-height-default elementor-section-height-default\" data-id=\"bcf5fa4\" data-element_type=\"section\" data-e-type=\"section\">\n\t\t\t\t\t\t<div class=\"elementor-container elementor-column-gap-default\">\n\t\t\t\t\t<div class=\"elementor-column elementor-col-33 elementor-inner-column elementor-element elementor-element-9f1f50b\" data-id=\"9f1f50b\" data-element_type=\"column\" data-e-type=\"column\" data-settings=\"{&quot;background_background&quot;:&quot;classic&quot;}\">\n\t\t\t<div class=\"elementor-widget-wrap elementor-element-populated\">\n\t\t\t\t\t\t<div class=\"elementor-element elementor-element-c041a3c elementor-widget elementor-widget-heading\" data-id=\"c041a3c\" data-element_type=\"widget\" data-e-type=\"widget\" data-widget_type=\"heading.default\">\n\t\t\t\t<div class=\"elementor-widget-container\">\n\t\t\t\t\t<h3 class=\"elementor-heading-title elementor-size-large\">Tinting<\/h3>\t\t\t\t<\/div>\n\t\t\t\t<\/div>\n\t\t\t\t<div class=\"elementor-element elementor-element-0c3152a elementor-widget elementor-widget-text-editor\" data-id=\"0c3152a\" data-element_type=\"widget\" data-e-type=\"widget\" data-widget_type=\"text-editor.default\">\n\t\t\t\t<div class=\"elementor-widget-container\">\n\t\t\t\t\t\t\t\t\t<p>We give your hair a fresh shade that perfectly suits you. We ensure a natural result and make your hair look healthy and shiny.\u00a0<\/p>\t\t\t\t\t\t\t\t<\/div>\n\t\t\t\t<\/div>\n\t\t\t\t\t<\/div>\n\t\t<\/div>\n\t\t\t\t<div class=\"elementor-column elementor-col-33 elementor-inner-column elementor-element elementor-element-44c0fd1\" data-id=\"44c0fd1\" data-element_type=\"column\" data-e-type=\"column\" data-settings=\"{&quot;background_background&quot;:&quot;classic&quot;}\">\n\t\t\t<div class=\"elementor-widget-wrap elementor-element-populated\">\n\t\t\t\t\t\t<div class=\"elementor-element elementor-element-b872c7e elementor-widget elementor-widget-heading\" data-id=\"b872c7e\" data-element_type=\"widget\" data-e-type=\"widget\" data-widget_type=\"heading.default\">\n\t\t\t\t<div class=\"elementor-widget-container\">\n\t\t\t\t\t<h3 class=\"elementor-heading-title elementor-size-large\">M\u00e8ches,  Teil-M\u00e8ches<\/h3>\t\t\t\t<\/div>\n\t\t\t\t<\/div>\n\t\t\t\t<div class=\"elementor-element elementor-element-1068dbd elementor-widget elementor-widget-text-editor\" data-id=\"1068dbd\" data-element_type=\"widget\" data-e-type=\"widget\" data-widget_type=\"text-editor.default\">\n\t\t\t\t<div class=\"elementor-widget-container\">\n\t\t\t\t\t\t\t\t\t<p>We add beautiful highlights to your hair for a natural and sun-kissed look. With our special techniques, we perfectly match the highlights to your hair color.<\/p>\t\t\t\t\t\t\t\t<\/div>\n\t\t\t\t<\/div>\n\t\t\t\t\t<\/div>\n\t\t<\/div>\n\t\t\t\t<div class=\"elementor-column elementor-col-33 elementor-inner-column elementor-element elementor-element-8c264c4\" data-id=\"8c264c4\" data-element_type=\"column\" data-e-type=\"column\" data-settings=\"{&quot;background_background&quot;:&quot;classic&quot;}\">\n\t\t\t<div class=\"elementor-widget-wrap\">\n\t\t\t\t\t\t\t<\/div>\n\t\t<\/div>\n\t\t\t\t\t<\/div>\n\t\t<\/section>\n\t\t\t\t<section class=\"elementor-section elementor-inner-section elementor-element elementor-element-7515739 elementor-section-boxed elementor-section-height-default elementor-section-height-default\" data-id=\"7515739\" data-element_type=\"section\" data-e-type=\"section\">\n\t\t\t\t\t\t<div class=\"elementor-container elementor-column-gap-default\">\n\t\t\t\t\t<div class=\"elementor-column elementor-col-100 elementor-inner-column elementor-element elementor-element-597dc4f\" data-id=\"597dc4f\" data-element_type=\"column\" data-e-type=\"column\">\n\t\t\t<div class=\"elementor-widget-wrap elementor-element-populated\">\n\t\t\t\t\t\t<div class=\"elementor-element elementor-element-e0f22b5 elementor-widget elementor-widget-heading\" data-id=\"e0f22b5\" data-element_type=\"widget\" data-e-type=\"widget\" data-widget_type=\"heading.default\">\n\t\t\t\t<div class=\"elementor-widget-container\">\n\t\t\t\t\t<h2 class=\"elementor-heading-title elementor-size-default\">Prices<\/h2>\t\t\t\t<\/div>\n\t\t\t\t<\/div>\n\t\t\t\t<div class=\"elementor-element elementor-element-6eb2354 elementor-widget elementor-widget-text-editor\" data-id=\"6eb2354\" data-element_type=\"widget\" data-e-type=\"widget\" data-widget_type=\"text-editor.default\">\n\t\t\t\t<div class=\"elementor-widget-container\">\n\t\t\t\t\t\t\t\t\t<p>We do not display prices on this page as they may vary depending on the time required and factors such as hair density, hair length, and styling preferences.<\/p><p><span style=\"color: var( --e-global-color-text ); font-family: var( --e-global-typography-text-font-family ), Sans-serif; font-size: var( --e-global-typography-text-font-size ); font-weight: var( --e-global-typography-text-font-weight ); letter-spacing: var( --e-global-typography-text-letter-spacing );\">Price example for guidance: our \u201cwash\/cut\/blow-dry\u201d offer is available from CHF 140.<\/span><\/p><p><span style=\"color: var( --e-global-color-text ); font-family: var( --e-global-typography-text-font-family ), Sans-serif; font-size: var( --e-global-typography-text-font-size ); font-weight: var( --e-global-typography-text-font-weight ); letter-spacing: var( --e-global-typography-text-letter-spacing );\">We charge an hourly rate of CHF 120 for special styling and consultations.<\/span><\/p>\t\t\t\t\t\t\t\t<\/div>\n\t\t\t\t<\/div>\n\t\t\t\t\t<\/div>\n\t\t<\/div>\n\t\t\t\t\t<\/div>\n\t\t<\/section>\n\t\t\t\t\t<\/div>\n\t\t<\/div>\n\t\t\t\t\t<\/div>\n\t\t<\/section>\n\t\t\t\t<section class=\"elementor-section elementor-top-section elementor-element elementor-element-03b0245 elementor-section-full_width elementor-section-height-default elementor-section-height-default\" data-id=\"03b0245\" data-element_type=\"section\" data-e-type=\"section\" data-settings=\"{&quot;animation&quot;:&quot;none&quot;}\">\n\t\t\t\t\t\t<div class=\"elementor-container elementor-column-gap-default\">\n\t\t\t\t\t<div class=\"elementor-column elementor-col-100 elementor-top-column elementor-element elementor-element-7702353\" data-id=\"7702353\" data-element_type=\"column\" data-e-type=\"column\">\n\t\t\t<div class=\"elementor-widget-wrap elementor-element-populated\">\n\t\t\t\t\t\t<div class=\"elementor-element elementor-element-44bcfc6 elementor-widget__width-inherit elementor-widget elementor-widget-html\" data-id=\"44bcfc6\" data-element_type=\"widget\" data-e-type=\"widget\" data-widget_type=\"html.default\">\n\t\t\t\t<div class=\"elementor-widget-container\">\n\t\t\t\t\t<meta name=\"viewport\" content=\"width=device-width, initial-scale=1.0\">\r\n\r\n<div style=\"background-color: black; width: 100%; height: 400px; display: flex; flex-direction: column; justify-content: center; align-items: center;\">\r\n  <div style=\"text-align: center; display: flex; flex-direction: column; align-items: center; padding: 20px;\">\r\n    <h2 style=\"color: #A9CBB1;\">Schedule an appointment now!<\/h2>\r\n    <p style=\"color: #A9CBB1; font-size: 22px; line-height: 34px; margin-bottom: 30px; text-align: center\">\r\n      Tuesday to Saturday, <br>by appointment<br>Make an appointment from <br>09.00 - 17.00<br>\r\n      Tel. <a href=\"tel:+41443831247\" class=\"phone-link\">+41 44 383 12 47<\/a>\r\n    <\/p>\r\n    <div style=\"flex: 1;\"><\/div> <!-- Spacer -->\r\n\r\n<button class=\"custom-button\">\r\n      <img decoding=\"async\" src=\"https:\/\/haargenau-seefeld.ch\/wp-content\/uploads\/2023\/08\/Haargenau_Call.png\" alt=\"Call Icon\" width=\"15\" height=\"auto \">\r\n      <a href=\"tel:+41443831247\" style=\"text-decoration: none; color:inherit\">\r\n      <span>CALL<\/span>\r\n      <\/a>\r\n    <\/button>\r\n  <\/div>\r\n<\/div>\r\n\t\t\t\t<\/div>\n\t\t\t\t<\/div>\n\t\t\t\t\t<\/div>\n\t\t<\/div>\n\t\t\t\t\t<\/div>\n\t\t<\/section>\n\t\t\t\t<section class=\"elementor-section elementor-top-section elementor-element elementor-element-a3a7ba3 elementor-section-boxed elementor-section-height-default elementor-section-height-default\" data-id=\"a3a7ba3\" data-element_type=\"section\" data-e-type=\"section\">\n\t\t\t\t\t\t<div class=\"elementor-container elementor-column-gap-default\">\n\t\t\t\t\t<div class=\"elementor-column elementor-col-100 elementor-top-column elementor-element elementor-element-51c4cc8\" data-id=\"51c4cc8\" data-element_type=\"column\" data-e-type=\"column\">\n\t\t\t<div class=\"elementor-widget-wrap elementor-element-populated\">\n\t\t\t\t\t\t<div class=\"elementor-element elementor-element-37abb98 elementor-widget elementor-widget-html\" data-id=\"37abb98\" data-element_type=\"widget\" data-e-type=\"widget\" data-widget_type=\"html.default\">\n\t\t\t\t<div class=\"elementor-widget-container\">\n\t\t\t\t\t<h2>For you, only the best products<\/h2>\n<p>Denise Schlatter and Markus Vetter, the hair experts at Coiffeur Haargenau in Zurich's Seefeld In-Quartier, rely on the exceptional quality of products from Paul Mitchell Haircare, George Michael Haircare, and tools from JGH Professional Artisan Tools. These premium products not only provide optimal hair care but also stand out for their ethical responsibility as they have been developed without animal testing.<\/p>\n\n\n<a href=\"https:\/\/haargenau-seefeld.ch\/en\/ueber-uns\/#produkte\" style=\"display: block; margin-top: 40px;\">\n  <img decoding=\"async\" src=\"https:\/\/haargenau-seefeld.ch\/wp-content\/uploads\/2023\/08\/Haargenau_Pfeil-1.png\" alt=\"Icon\" style=\"vertical-align: middle; width: 40px; margin-right: 15px;\">Our product range\n<\/a>\n\n\n\n\n\n\n\t\t\t\t<\/div>\n\t\t\t\t<\/div>\n\t\t\t\t\t<\/div>\n\t\t<\/div>\n\t\t\t\t\t<\/div>\n\t\t<\/section>\n\t\t\t\t<\/div>","protected":false},"excerpt":{"rendered":"<p>Das bieten wir dir Unser vielf\u00e4ltiges Angebot l\u00e4sst keine W\u00fcnsche offen und wird individuell auf deine Bed\u00fcrfnisse zugeschnitten. Ob traumhafte Frisuren, trendige Schnitte oder brillante Farben ganz nach deinen W\u00fcnschen \u2013 wir legen grossen Wert darauf, dass du dich bei uns wohlf\u00fchlst und mit einem strahlenden L\u00e4cheln im Gesicht unseren Salon verl\u00e4sst. Waschen\u2009\/\u2009Schneiden\u2009\/\u2009F\u00f6hnen Du bekommst [&hellip;]<\/p>\n","protected":false},"author":1,"featured_media":0,"parent":0,"menu_order":0,"comment_status":"closed","ping_status":"closed","template":"","meta":{"footnotes":""},"class_list":["post-56","page","type-page","status-publish","hentry"],"_links":{"self":[{"href":"https:\/\/haargenau-seefeld.ch\/en\/wp-json\/wp\/v2\/pages\/56","targetHints":{"allow":["GET"]}}],"collection":[{"href":"https:\/\/haargenau-seefeld.ch\/en\/wp-json\/wp\/v2\/pages"}],"about":[{"href":"https:\/\/haargenau-seefeld.ch\/en\/wp-json\/wp\/v2\/types\/page"}],"author":[{"embeddable":true,"href":"https:\/\/haargenau-seefeld.ch\/en\/wp-json\/wp\/v2\/users\/1"}],"replies":[{"embeddable":true,"href":"https:\/\/haargenau-seefeld.ch\/en\/wp-json\/wp\/v2\/comments?post=56"}],"version-history":[{"count":355,"href":"https:\/\/haargenau-seefeld.ch\/en\/wp-json\/wp\/v2\/pages\/56\/revisions"}],"predecessor-version":[{"id":2918,"href":"https:\/\/haargenau-seefeld.ch\/en\/wp-json\/wp\/v2\/pages\/56\/revisions\/2918"}],"wp:attachment":[{"href":"https:\/\/haargenau-seefeld.ch\/en\/wp-json\/wp\/v2\/media?parent=56"}],"curies":[{"name":"wp","href":"https:\/\/api.w.org\/{rel}","templated":true}]}}