{"id":3007,"date":"2025-02-28T15:02:40","date_gmt":"2025-02-28T15:02:40","guid":{"rendered":"https:\/\/haargenau-seefeld.ch\/?page_id=3007"},"modified":"2025-02-28T15:11:07","modified_gmt":"2025-02-28T15:11:07","slug":"impressum","status":"publish","type":"page","link":"https:\/\/haargenau-seefeld.ch\/en\/impressum\/","title":{"rendered":"Legal Notice"},"content":{"rendered":"<div data-elementor-type=\"wp-page\" data-elementor-id=\"3007\" class=\"elementor elementor-3007\" data-elementor-post-type=\"page\">\n\t\t\t\t\t\t<section class=\"elementor-section elementor-top-section elementor-element elementor-element-4117acf elementor-section-boxed elementor-section-height-default elementor-section-height-default\" data-id=\"4117acf\" data-element_type=\"section\" data-e-type=\"section\">\n\t\t\t\t\t\t<div class=\"elementor-container elementor-column-gap-default\">\n\t\t\t\t\t<div class=\"elementor-column elementor-col-100 elementor-top-column elementor-element elementor-element-589b015\" data-id=\"589b015\" data-element_type=\"column\" data-e-type=\"column\">\n\t\t\t<div class=\"elementor-widget-wrap elementor-element-populated\">\n\t\t\t\t\t\t<div class=\"elementor-element elementor-element-f09d4dd elementor-widget elementor-widget-heading\" data-id=\"f09d4dd\" data-element_type=\"widget\" data-e-type=\"widget\" data-widget_type=\"heading.default\">\n\t\t\t\t<div class=\"elementor-widget-container\">\n\t\t\t\t\t<h2 class=\"elementor-heading-title elementor-size-default\">Legal Notice<\/h2>\t\t\t\t<\/div>\n\t\t\t\t<\/div>\n\t\t\t\t<div class=\"elementor-element elementor-element-46c39ba elementor-widget elementor-widget-text-editor\" data-id=\"46c39ba\" data-element_type=\"widget\" data-e-type=\"widget\" data-widget_type=\"text-editor.default\">\n\t\t\t\t<div class=\"elementor-widget-container\">\n\t\t\t\t\t\t\t\t\t<p>Haargenau<br>Seefeldstrasse 96<br>8008 Z\u00fcrich<br>Schweiz<\/p>\n<p>Tel: +41 44 383 12 47<br>E-Mail: style@haargenau-cb.ch<\/p><p><span style=\"font-size: 24px; font-weight: 700; letter-spacing: var( --e-global-typography-text-letter-spacing );\">Disclaimer<\/span><\/p>\n<p>Haargenau assumes no liability whatsoever with regard to the correctness, accuracy, timeliness, reliability and completeness of the information. Liability claims against Haargenau due to material or immaterial damage arising from access or use or non-use of the published information, misuse of the connection or technical malfunctions are excluded. All offers are non-binding. Haargenau expressly reserves the right to change, supplement or delete parts of the pages or the entire offering without prior notice or to temporarily or permanently cease publication.<\/p><p><span style=\"font-size: 24px; font-weight: 700; letter-spacing: var( --e-global-typography-text-letter-spacing );\">Liability for links<\/span><\/p>\n<p>References and links to third-party websites are outside our area of \u200b\u200bresponsibility. Any responsibility for such websites is declined. Access and use of such websites is at the user\u2019s own risk.<\/p><p><span style=\"font-size: 24px; font-weight: 700; letter-spacing: var( --e-global-typography-text-letter-spacing );\">Copyright<\/span><\/p>\n<p>Unless otherwise stated, the copyright for all content on this website lies with Haargenau or one of its partners. It is prohibited to use the content (particularly images, graphics and videos) without first obtaining Haargenau's consent.<\/p>\t\t\t\t\t\t\t\t<\/div>\n\t\t\t\t<\/div>\n\t\t\t\t\t<\/div>\n\t\t<\/div>\n\t\t\t\t\t<\/div>\n\t\t<\/section>\n\t\t\t\t<\/div>","protected":false},"excerpt":{"rendered":"<p>Impressum HaargenauSeefeldstrasse 968008 Z\u00fcrichSchweiz Tel: +41 44 383 12 47E-Mail: style@haargenau-cb.ch Haftungsausschluss Haargenau \u00fcbernimmt keinerlei Gew\u00e4hr hinsichtlich der inhaltlichen Richtigkeit, Genauigkeit, Aktualit\u00e4t, Zuverl\u00e4ssigkeit und Vollst\u00e4ndigkeit der Informationen. Haftungsanspr\u00fcche gegen Haargenau wegen Sch\u00e4den materieller oder immaterieller Art, welche aus dem Zugriff oder der Nutzung bzw. Nichtnutzung der ver\u00f6ffentlichten Informationen, durch Missbrauch der Verbindung oder durch technische [&hellip;]<\/p>\n","protected":false},"author":1,"featured_media":0,"parent":0,"menu_order":0,"comment_status":"closed","ping_status":"closed","template":"","meta":{"footnotes":""},"class_list":["post-3007","page","type-page","status-publish","hentry"],"_links":{"self":[{"href":"https:\/\/haargenau-seefeld.ch\/en\/wp-json\/wp\/v2\/pages\/3007","targetHints":{"allow":["GET"]}}],"collection":[{"href":"https:\/\/haargenau-seefeld.ch\/en\/wp-json\/wp\/v2\/pages"}],"about":[{"href":"https:\/\/haargenau-seefeld.ch\/en\/wp-json\/wp\/v2\/types\/page"}],"author":[{"embeddable":true,"href":"https:\/\/haargenau-seefeld.ch\/en\/wp-json\/wp\/v2\/users\/1"}],"replies":[{"embeddable":true,"href":"https:\/\/haargenau-seefeld.ch\/en\/wp-json\/wp\/v2\/comments?post=3007"}],"version-history":[{"count":10,"href":"https:\/\/haargenau-seefeld.ch\/en\/wp-json\/wp\/v2\/pages\/3007\/revisions"}],"predecessor-version":[{"id":3019,"href":"https:\/\/haargenau-seefeld.ch\/en\/wp-json\/wp\/v2\/pages\/3007\/revisions\/3019"}],"wp:attachment":[{"href":"https:\/\/haargenau-seefeld.ch\/en\/wp-json\/wp\/v2\/media?parent=3007"}],"curies":[{"name":"wp","href":"https:\/\/api.w.org\/{rel}","templated":true}]}}