{"id":2549,"date":"2023-08-23T12:46:10","date_gmt":"2023-08-23T12:46:10","guid":{"rendered":"https:\/\/haargenau-seefeld.ch\/?page_id=2549"},"modified":"2024-11-29T15:15:43","modified_gmt":"2024-11-29T15:15:43","slug":"markus-vetter","status":"publish","type":"page","link":"https:\/\/haargenau-seefeld.ch\/en\/ueber-uns\/markus-vetter\/","title":{"rendered":"Markus Vetter"},"content":{"rendered":"<div data-elementor-type=\"wp-page\" data-elementor-id=\"2549\" class=\"elementor elementor-2549\" data-elementor-post-type=\"page\">\n\t\t\t\t\t\t<section class=\"elementor-section elementor-top-section elementor-element elementor-element-9460987 elementor-section-full_width elementor-section-height-default elementor-section-height-default\" data-id=\"9460987\" data-element_type=\"section\" data-e-type=\"section\">\n\t\t\t\t\t\t<div class=\"elementor-container elementor-column-gap-default\">\n\t\t\t\t\t<div class=\"elementor-column elementor-col-100 elementor-top-column elementor-element elementor-element-11ec885\" data-id=\"11ec885\" data-element_type=\"column\" data-e-type=\"column\">\n\t\t\t<div class=\"elementor-widget-wrap elementor-element-populated\">\n\t\t\t\t\t\t<div class=\"elementor-element elementor-element-7a8a8df elementor-widget elementor-widget-html\" data-id=\"7a8a8df\" data-element_type=\"widget\" data-e-type=\"widget\" data-widget_type=\"html.default\">\n\t\t\t\t<div class=\"elementor-widget-container\">\n\t\t\t\t\t<div class=\"slider-container\">\n  <div class=\"slide\">\n    <img decoding=\"async\" src=\"https:\/\/haargenau-seefeld.ch\/wp-content\/uploads\/2024\/11\/Haargenau_Header-Markus-Vetter.jpg\">\n    <div class=\"slide-content\">\n      <h3>\u00abWith my empathetic nature and creativity, I always strive for an optimal outcome.\u00bb<\/h3>\n      <p class=\"custom-margin\">Markus Vetter<\/p>\n    <\/div>\n  <\/div>\n<\/div>\n\n\n<script>\n  const slides = document.querySelectorAll('.slide');\n  let currentSlide = 0;\n\n  function showSlide(slideIndex) {\n    slides.forEach((slide, index) => {\n      if (index === slideIndex) {\n        slide.style.opacity = 1;\n      } else {\n        slide.style.opacity = 0;\n      }\n    });\n  }\n\n  function nextSlide() {\n    currentSlide = (currentSlide + 1) % slides.length;\n    showSlide(currentSlide);\n  }\n\n  setInterval(nextSlide, 5000);\n  showSlide(currentSlide);\n<\/script>\t\t\t\t<\/div>\n\t\t\t\t<\/div>\n\t\t\t\t\t<\/div>\n\t\t<\/div>\n\t\t\t\t\t<\/div>\n\t\t<\/section>\n\t\t\t\t<section class=\"elementor-section elementor-top-section elementor-element elementor-element-598c326 elementor-section-boxed elementor-section-height-default elementor-section-height-default\" data-id=\"598c326\" data-element_type=\"section\" data-e-type=\"section\">\n\t\t\t\t\t\t<div class=\"elementor-container elementor-column-gap-default\">\n\t\t\t\t\t<div class=\"elementor-column elementor-col-100 elementor-top-column elementor-element elementor-element-bbf91b7\" data-id=\"bbf91b7\" data-element_type=\"column\" data-e-type=\"column\">\n\t\t\t<div class=\"elementor-widget-wrap elementor-element-populated\">\n\t\t\t\t\t\t<div class=\"elementor-element elementor-element-51f0a82 elementor-widget elementor-widget-html\" data-id=\"51f0a82\" data-element_type=\"widget\" data-e-type=\"widget\" data-widget_type=\"html.default\">\n\t\t\t\t<div class=\"elementor-widget-container\">\n\t\t\t\t\t<h3>Individual hair artistry for satisfied clients<\/h3> \n<p>When I began my professional journey at Coiffeur Reolon in Zurich, I couldn't have imagined how much I would thrive in this profession. After 10 years at Reolon, during which I successfully completed my master's exam, various opportunities arose to gain valuable experience at renowned hairdressers in Zurich. However, my path eventually led me to Denise Schlatter-Welti and her salon Haargenau in 2011.<\/p>\n\n<h3>Insight into the world of hairstyling <\/h3> \n<p>The needs of my clients are always at the center of my work. With my empathetic nature, I always strive to understand what the client desires and do my best to achieve optimal results.<br>I incorporate my creativity and set trends in a very personal way. Whether it's an individual haircut or a customized hair color, I want to offer each person a unique styling experience.<\/p>\n\n<h3>A flair for colors<\/h3> \n<p>Coloration is my great passion. I love the challenge of achieving a perfect result, whether it's coloring the roots to perfectly match the current color, undergoing a transformation with a new hair color, or creating highlights that complement the hair color for a natural, sun-kissed look.<br><br> \nDenise and I are happy to advise you on which hair color suits you best and how it can positively enhance your facial features and skin tones, making you feel confident and fresh.\n<\/p>\t\t\t\t<\/div>\n\t\t\t\t<\/div>\n\t\t\t\t<div class=\"elementor-element elementor-element-4f24123 elementor-widget elementor-widget-html\" data-id=\"4f24123\" data-element_type=\"widget\" data-e-type=\"widget\" data-widget_type=\"html.default\">\n\t\t\t\t<div class=\"elementor-widget-container\">\n\t\t\t\t\t\n\n<a href=\"https:\/\/haargenau-seefeld.ch\/en\/ueber-uns\/\" style=\"display: block; margin-top: 40px;\">\n  <img decoding=\"async\" src=\"https:\/\/haargenau-seefeld.ch\/wp-content\/uploads\/2023\/08\/Haargenau_Pfeil-back.png\" alt=\"Icon\" style=\"vertical-align: middle; width: 40px; margin-right: 15px;\">\nback\n<\/a>\n\n\n\n\n\n\t\t\t\t<\/div>\n\t\t\t\t<\/div>\n\t\t\t\t\t<\/div>\n\t\t<\/div>\n\t\t\t\t\t<\/div>\n\t\t<\/section>\n\t\t\t\t<\/div>","protected":false},"excerpt":{"rendered":"<p>\u00abMit meiner empathischen Art und meiner Kreativit\u00e4t strebe ich stets nach einem optimalen Ergebnis.\u00bb Markus Vetter Individuelle Haarkunst f\u00fcr zufriedene Kunden Als ich meine berufliche Laufbahn beim Coiffeur Reolon in Z\u00fcrich begann, konnte ich mir noch nicht vorstellen, wie sehr ich mich in diesem Beruf entfalten w\u00fcrde. Nach 10 Jahren bei Reolon, in denen ich [&hellip;]<\/p>\n","protected":false},"author":1,"featured_media":0,"parent":58,"menu_order":2,"comment_status":"closed","ping_status":"closed","template":"","meta":{"footnotes":""},"class_list":["post-2549","page","type-page","status-publish","hentry"],"_links":{"self":[{"href":"https:\/\/haargenau-seefeld.ch\/en\/wp-json\/wp\/v2\/pages\/2549","targetHints":{"allow":["GET"]}}],"collection":[{"href":"https:\/\/haargenau-seefeld.ch\/en\/wp-json\/wp\/v2\/pages"}],"about":[{"href":"https:\/\/haargenau-seefeld.ch\/en\/wp-json\/wp\/v2\/types\/page"}],"author":[{"embeddable":true,"href":"https:\/\/haargenau-seefeld.ch\/en\/wp-json\/wp\/v2\/users\/1"}],"replies":[{"embeddable":true,"href":"https:\/\/haargenau-seefeld.ch\/en\/wp-json\/wp\/v2\/comments?post=2549"}],"version-history":[{"count":104,"href":"https:\/\/haargenau-seefeld.ch\/en\/wp-json\/wp\/v2\/pages\/2549\/revisions"}],"predecessor-version":[{"id":2852,"href":"https:\/\/haargenau-seefeld.ch\/en\/wp-json\/wp\/v2\/pages\/2549\/revisions\/2852"}],"up":[{"embeddable":true,"href":"https:\/\/haargenau-seefeld.ch\/en\/wp-json\/wp\/v2\/pages\/58"}],"wp:attachment":[{"href":"https:\/\/haargenau-seefeld.ch\/en\/wp-json\/wp\/v2\/media?parent=2549"}],"curies":[{"name":"wp","href":"https:\/\/api.w.org\/{rel}","templated":true}]}}