{"id":13,"date":"2023-07-18T10:56:16","date_gmt":"2023-07-18T10:56:16","guid":{"rendered":"https:\/\/haargenau-seefeld.ch\/?page_id=13"},"modified":"2026-02-24T08:37:51","modified_gmt":"2026-02-24T08:37:51","slug":"startseite-haargenau-seefeld-2","status":"publish","type":"page","link":"https:\/\/haargenau-seefeld.ch\/en\/","title":{"rendered":"Startseite Haargenau Seefeld"},"content":{"rendered":"<div data-elementor-type=\"wp-page\" data-elementor-id=\"13\" class=\"elementor elementor-13\" data-elementor-post-type=\"page\">\n\t\t\t\t\t\t<section class=\"elementor-section elementor-top-section elementor-element elementor-element-10e1481 elementor-section-full_width elementor-section-height-default elementor-section-height-default\" data-id=\"10e1481\" data-element_type=\"section\" data-e-type=\"section\">\n\t\t\t\t\t\t<div class=\"elementor-container elementor-column-gap-default\">\n\t\t\t\t\t<div class=\"elementor-column elementor-col-100 elementor-top-column elementor-element elementor-element-d155ae4\" data-id=\"d155ae4\" data-element_type=\"column\" data-e-type=\"column\">\n\t\t\t<div class=\"elementor-widget-wrap elementor-element-populated\">\n\t\t\t\t\t\t<div class=\"elementor-element elementor-element-5d251a0 elementor-widget elementor-widget-html\" data-id=\"5d251a0\" data-element_type=\"widget\" data-e-type=\"widget\" data-widget_type=\"html.default\">\n\t\t\t\t<div class=\"elementor-widget-container\">\n\t\t\t\t\t<!DOCTYPE html>\r\n<html lang=\"en\">\r\n<head>\r\n  <meta charset=\"UTF-8\">\r\n  <meta name=\"viewport\" content=\"width=device-width, initial-scale=1.0\">\r\n  <link rel=\"stylesheet\" href=\"styles.css\">\r\n  <title>Full-Width Slider<\/title>\r\n<\/head>\r\n<body>\r\n  <div class=\"slider-container\">\r\n    <div class=\"slide\">\r\n      <img decoding=\"async\" src=\"https:\/\/haargenau-seefeld.ch\/wp-content\/uploads\/2024\/12\/Haargenau_Header-1.jpg\" alt=\"Slide 1\">\r\n      <div class=\"slide-content\">\r\n        <h1>Individual Consultation<\/h1>\r\n       <p>Perfect results tailored to you.<\/p> \r\n      <\/div>\r\n    <\/div>\r\n    <div class=\"slide\">\r\n      <img decoding=\"async\" src=\"https:\/\/haargenau-seefeld.ch\/wp-content\/uploads\/2024\/11\/Haargenau_Header-2.jpg\" alt=\"Slide 2\">\r\n      <div class=\"slide-content\">\r\n        <h1>Ongoing Training<\/h1>\r\n        <p>We're always up-to-date with the latest trends.<\/p>\r\n      <\/div>\r\n    <\/div>\r\n    <div class=\"slide\">\r\n      <img decoding=\"async\" src=\"https:\/\/haargenau-seefeld.ch\/wp-content\/uploads\/2024\/11\/Haargenau_Header-3.jpg\" alt=\"Slide 3\">\r\n      <div class=\"slide-content\">\r\n        <h1>High-quality products<\/h1>\r\n         <p>We only use the highest quality hair care brands.<\/p>\r\n     <\/div>\r\n    <\/div>\r\n    <div class=\"slide\">\r\n      <img decoding=\"async\" src=\"https:\/\/haargenau-seefeld.ch\/wp-content\/uploads\/2024\/12\/Haargenau_Header-4.jpg\" alt=\"Slide 4\">\r\n      <div class=\"slide-content\">\r\n        <h1>Feel better<\/h1>\r\n        <p>We ensure your flawless appearance.<\/p>\r\n      <\/div>\r\n    <\/div>\r\n        <div class=\"slide\">\r\n      <img decoding=\"async\" src=\"https:\/\/haargenau-seefeld.ch\/wp-content\/uploads\/2024\/12\/Haargenau_Header-5.jpg\" alt=\"Slide 5\">\r\n      <div class=\"slide-content\">\r\n        <h1>Next Level?<\/h1>\r\n        <p>Are you ready for a new style?<\/p>\r\n      <\/div>\r\n    <\/div>\r\n  <\/div>\r\n  \r\n  <script>\r\n    const slides = document.querySelectorAll('.slide');\r\n    let currentSlide = 0;\r\n\r\n    function showSlide(slideIndex) {\r\n      slides.forEach((slide, index) => {\r\n        if (index === slideIndex) {\r\n          slide.style.opacity = 1;\r\n        } else {\r\n          slide.style.opacity = 0;\r\n        }\r\n      });\r\n    }\r\n\r\n    function nextSlide() {\r\n      currentSlide = (currentSlide + 1) % slides.length;\r\n      showSlide(currentSlide);\r\n    }\r\n\r\n    setInterval(nextSlide, 5000);\r\n    showSlide(currentSlide);\r\n  <\/script>\r\n<\/body>\r\n<\/html>\t\t\t\t<\/div>\n\t\t\t\t<\/div>\n\t\t\t\t\t<\/div>\n\t\t<\/div>\n\t\t\t\t\t<\/div>\n\t\t<\/section>\n\t\t\t\t<section class=\"elementor-section elementor-top-section elementor-element elementor-element-0e5e88e elementor-section-content-middle elementor-section-boxed elementor-section-height-default elementor-section-height-default\" data-id=\"0e5e88e\" data-element_type=\"section\" data-e-type=\"section\">\n\t\t\t\t\t\t<div class=\"elementor-container elementor-column-gap-narrow\">\n\t\t\t\t\t<div class=\"elementor-column elementor-col-100 elementor-top-column elementor-element elementor-element-082afb2\" data-id=\"082afb2\" data-element_type=\"column\" data-e-type=\"column\">\n\t\t\t<div class=\"elementor-widget-wrap elementor-element-populated\">\n\t\t\t\t\t\t<div class=\"elementor-element elementor-element-3c4d684 elementor-widget elementor-widget-heading\" data-id=\"3c4d684\" data-element_type=\"widget\" data-e-type=\"widget\" data-widget_type=\"heading.default\">\n\t\t\t\t<div class=\"elementor-widget-container\">\n\t\t\t\t\t<h3 class=\"elementor-heading-title elementor-size-default\">What we offer you<\/h3>\t\t\t\t<\/div>\n\t\t\t\t<\/div>\n\t\t\t\t<div class=\"elementor-element elementor-element-eb893f1 elementor-widget elementor-widget-text-editor\" data-id=\"eb893f1\" data-element_type=\"widget\" data-e-type=\"widget\" data-widget_type=\"text-editor.default\">\n\t\t\t\t<div class=\"elementor-widget-container\">\n\t\t\t\t\t\t\t\t\t<p>The hair expert team at Haargenau provides you with a comprehensive range of professional hairdressing services for women and men. <br \/><br \/>We place great importance on making you feel comfortable with us. Our goal is for you to leave our salon with a radiant smile on your face after styling.<\/p><div><div>\u00a0<\/div><\/div>\t\t\t\t\t\t\t\t<\/div>\n\t\t\t\t<\/div>\n\t\t\t\t<section class=\"elementor-section elementor-inner-section elementor-element elementor-element-98f46ae elementor-section-full_width elementor-section-height-default elementor-section-height-default\" data-id=\"98f46ae\" data-element_type=\"section\" data-e-type=\"section\">\n\t\t\t\t\t\t<div class=\"elementor-container elementor-column-gap-default\">\n\t\t\t\t\t<div class=\"elementor-column elementor-col-100 elementor-inner-column elementor-element elementor-element-8b0663b\" data-id=\"8b0663b\" data-element_type=\"column\" data-e-type=\"column\" data-settings=\"{&quot;background_background&quot;:&quot;classic&quot;}\">\n\t\t\t<div class=\"elementor-widget-wrap elementor-element-populated\">\n\t\t\t\t\t\t<div class=\"elementor-element elementor-element-910e2c8 elementor-widget elementor-widget-html\" data-id=\"910e2c8\" data-element_type=\"widget\" data-e-type=\"widget\" data-widget_type=\"html.default\">\n\t\t\t\t<div class=\"elementor-widget-container\">\n\t\t\t\t\t<h3>Price Example<\/h3> \r\n<p style=\"margin-bottom: 5px\">Wash\/Cut\/Blow-dry <br>from CHF 140*<\/p>\r\n<p style=\"font-size: 16px; margin-bottom: 25px\"><br>*The price may vary depending on the time required and factors such as hair density, hair length, and styling preferences.<\/p>\r\n\t\t\t\t<\/div>\n\t\t\t\t<\/div>\n\t\t\t\t\t<\/div>\n\t\t<\/div>\n\t\t\t\t\t<\/div>\n\t\t<\/section>\n\t\t\t\t<div class=\"elementor-element elementor-element-594606e elementor-widget elementor-widget-html\" data-id=\"594606e\" data-element_type=\"widget\" data-e-type=\"widget\" data-widget_type=\"html.default\">\n\t\t\t\t<div class=\"elementor-widget-container\">\n\t\t\t\t\t\n\n<a href=\"https:\/\/haargenau-seefeld.ch\/en\/angebot\/\" style=\"display: block; margin-top: 40px;\">\n  <img decoding=\"async\" src=\"https:\/\/haargenau-seefeld.ch\/wp-content\/uploads\/2023\/08\/Haargenau_Pfeil-1.png\" alt=\"Icon\" style=\"vertical-align: middle; width: 40px; margin-right: 15px;\">\n  Complete services\n<\/a>\n\n\n\n\n\n\t\t\t\t<\/div>\n\t\t\t\t<\/div>\n\t\t\t\t\t<\/div>\n\t\t<\/div>\n\t\t\t\t\t<\/div>\n\t\t<\/section>\n\t\t\t\t<section class=\"elementor-section elementor-top-section elementor-element elementor-element-3f92cca elementor-section-full_width elementor-section-height-default elementor-section-height-default\" data-id=\"3f92cca\" data-element_type=\"section\" data-e-type=\"section\" data-settings=\"{&quot;animation&quot;:&quot;none&quot;}\">\n\t\t\t\t\t\t<div class=\"elementor-container elementor-column-gap-default\">\n\t\t\t\t\t<div class=\"elementor-column elementor-col-100 elementor-top-column elementor-element elementor-element-fd717e3\" data-id=\"fd717e3\" data-element_type=\"column\" data-e-type=\"column\">\n\t\t\t<div class=\"elementor-widget-wrap elementor-element-populated\">\n\t\t\t\t\t\t<div class=\"elementor-element elementor-element-06db8b8 elementor-widget__width-inherit elementor-widget elementor-widget-html\" data-id=\"06db8b8\" data-element_type=\"widget\" data-e-type=\"widget\" data-widget_type=\"html.default\">\n\t\t\t\t<div class=\"elementor-widget-container\">\n\t\t\t\t\t<meta name=\"viewport\" content=\"width=device-width, initial-scale=1.0\">\r\n\r\n<div style=\"background-color: black; width: 100%; height: 400px; display: flex; flex-direction: column; justify-content: center; align-items: center;\">\r\n  <div style=\"text-align: center; display: flex; flex-direction: column; align-items: center; padding: 20px;\">\r\n    <h2 style=\"color: #A9CBB1;\">Schedule an appointment now!<\/h2>\r\n    <p style=\"color: #A9CBB1; font-size: 22px; line-height: 34px; margin-bottom: 30px\">\r\n      Tuesday to Saturday, <br>by appointment<br>Make an appointment from <br>09.00 - 17.00<br>\r\n      Tel. <a href=\"tel:+41443831247\" class=\"phone-link\">+41 44 383 12 47<\/a>\r\n    <\/p>\r\n    <div style=\"flex: 1;\"><\/div> <!-- Spacer -->\r\n\r\n<button class=\"custom-button\">\r\n      <img decoding=\"async\" src=\"https:\/\/haargenau-seefeld.ch\/wp-content\/uploads\/2023\/08\/Haargenau_Call.png\" alt=\"Call Icon\" width=\"15\" height=\"auto \">\r\n      <a href=\"tel:+41443831247\" style=\"text-decoration: none; color:inherit\">\r\n      <span>CALL<\/span>\r\n      <\/a>\r\n    <\/button>\r\n  <\/div>\r\n<\/div>\r\n\t\t\t\t<\/div>\n\t\t\t\t<\/div>\n\t\t\t\t\t<\/div>\n\t\t<\/div>\n\t\t\t\t\t<\/div>\n\t\t<\/section>\n\t\t\t\t<section class=\"elementor-section elementor-top-section elementor-element elementor-element-0f1c3e8 elementor-section-boxed elementor-section-height-default elementor-section-height-default\" data-id=\"0f1c3e8\" data-element_type=\"section\" data-e-type=\"section\" id=\"standort\">\n\t\t\t\t\t\t<div class=\"elementor-container elementor-column-gap-default\">\n\t\t\t\t\t<div class=\"elementor-column elementor-col-100 elementor-top-column elementor-element elementor-element-55b4e7e\" data-id=\"55b4e7e\" data-element_type=\"column\" data-e-type=\"column\">\n\t\t\t<div class=\"elementor-widget-wrap elementor-element-populated\">\n\t\t\t\t\t\t<div class=\"elementor-element elementor-element-9d1adb8 elementor-widget elementor-widget-html\" data-id=\"9d1adb8\" data-element_type=\"widget\" data-e-type=\"widget\" data-widget_type=\"html.default\">\n\t\t\t\t<div class=\"elementor-widget-container\">\n\t\t\t\t\t<h2>We are easily accessible by public transport<\/h2> \r\n<p>Seefeldstrasse 96, 8008 Z\u00fcrich<br>Tram stop: Feldeggstrasse (lines 11 &amp; 15)<\/p>\r\n<iframe src=\"https:\/\/www.google.com\/maps\/embed?pb=!1m18!1m12!1m3!1d2702.672675734082!2d8.549846476379066!3d47.35978817116832!2m3!1f0!2f0!3f0!3m2!1i1024!2i768!4f13.1!3m3!1m2!1s0x479aa74e69797a11%3A0xf1e9f791c03b5eb8!2sHaargenau%20Coiffeur%20%26%20Beratung!5e0!3m2!1sde!2sch!4v1691496214253!5m2!1sde!2sch\" width=\"600\" height=\"450\" style=\"border:0;\" allowfullscreen=\"\" loading=\"lazy\" referrerpolicy=\"no-referrer-when-downgrade\"><\/iframe>\t\t\t\t<\/div>\n\t\t\t\t<\/div>\n\t\t\t\t\t<\/div>\n\t\t<\/div>\n\t\t\t\t\t<\/div>\n\t\t<\/section>\n\t\t\t\t<\/div>","protected":false},"excerpt":{"rendered":"<p>Full-Width Slider Individuelle Beratung Perfekte Ergebnisse auf dich zugeschnitten. Laufende Weiterbildungen Wir sind immer auf dem neuesten Stand der Trends. Hochwertige Produkte Wir verwenden nur die hochwertigesten Brands der Haarpflege. Sich besser f\u00fchlen Wir sorgen f\u00fcr dein makelloses Aussehen. Next Level? Bist du bereit f\u00fcr deinen neuen Style? Das bieten wir dir Das Haar-Expertenteam des [&hellip;]<\/p>\n","protected":false},"author":1,"featured_media":0,"parent":0,"menu_order":0,"comment_status":"closed","ping_status":"closed","template":"","meta":{"footnotes":""},"class_list":["post-13","page","type-page","status-publish","hentry"],"_links":{"self":[{"href":"https:\/\/haargenau-seefeld.ch\/en\/wp-json\/wp\/v2\/pages\/13","targetHints":{"allow":["GET"]}}],"collection":[{"href":"https:\/\/haargenau-seefeld.ch\/en\/wp-json\/wp\/v2\/pages"}],"about":[{"href":"https:\/\/haargenau-seefeld.ch\/en\/wp-json\/wp\/v2\/types\/page"}],"author":[{"embeddable":true,"href":"https:\/\/haargenau-seefeld.ch\/en\/wp-json\/wp\/v2\/users\/1"}],"replies":[{"embeddable":true,"href":"https:\/\/haargenau-seefeld.ch\/en\/wp-json\/wp\/v2\/comments?post=13"}],"version-history":[{"count":1292,"href":"https:\/\/haargenau-seefeld.ch\/en\/wp-json\/wp\/v2\/pages\/13\/revisions"}],"predecessor-version":[{"id":3037,"href":"https:\/\/haargenau-seefeld.ch\/en\/wp-json\/wp\/v2\/pages\/13\/revisions\/3037"}],"wp:attachment":[{"href":"https:\/\/haargenau-seefeld.ch\/en\/wp-json\/wp\/v2\/media?parent=13"}],"curies":[{"name":"wp","href":"https:\/\/api.w.org\/{rel}","templated":true}]}}